{"id":3074,"date":"2022-05-20T20:45:31","date_gmt":"2022-05-20T20:45:31","guid":{"rendered":"http:\/\/saic.uach.cl\/?page_id=3074"},"modified":"2025-11-14T14:42:15","modified_gmt":"2025-11-14T14:42:15","slug":"red-de-analisis-institucional","status":"publish","type":"page","link":"https:\/\/saic.uach.cl\/?page_id=3074","title":{"rendered":"Red de An\u00e1lisis Institucional"},"content":{"rendered":"\t\t<div data-elementor-type=\"wp-page\" data-elementor-id=\"3074\" class=\"elementor elementor-3074\">\n\t\t\t\t\t\t\t\t\t<section class=\"elementor-section elementor-top-section elementor-element elementor-element-b1930ab elementor-section-boxed elementor-section-height-default elementor-section-height-default\" data-id=\"b1930ab\" data-element_type=\"section\" data-settings=\"{&quot;background_background&quot;:&quot;classic&quot;}\">\n\t\t\t\t\t\t<div class=\"elementor-container elementor-column-gap-default\">\n\t\t\t\t\t<div class=\"elementor-column elementor-col-100 elementor-top-column elementor-element elementor-element-801c7fe\" data-id=\"801c7fe\" data-element_type=\"column\">\n\t\t\t<div class=\"elementor-widget-wrap elementor-element-populated\">\n\t\t\t\t\t\t\t\t<div class=\"elementor-element elementor-element-738b696 elementor-widget elementor-widget-spacer\" data-id=\"738b696\" data-element_type=\"widget\" data-widget_type=\"spacer.default\">\n\t\t\t\t<div class=\"elementor-widget-container\">\n\t\t\t<style>\/*! elementor - v3.6.7 - 03-07-2022 *\/\n.e-container.e-container--row .elementor-spacer-inner{width:var(--spacer-size)}.e-container.e-container--column .elementor-spacer-inner,.elementor-column .elementor-spacer-inner{height:var(--spacer-size)}<\/style>\t\t<div class=\"elementor-spacer\">\n\t\t\t<div class=\"elementor-spacer-inner\"><\/div>\n\t\t<\/div>\n\t\t\t\t<\/div>\n\t\t\t\t<\/div>\n\t\t\t\t\t<\/div>\n\t\t<\/div>\n\t\t\t\t\t\t\t<\/div>\n\t\t<\/section>\n\t\t\t\t<section class=\"elementor-section elementor-top-section elementor-element elementor-element-4c688c0 elementor-section-boxed elementor-section-height-default elementor-section-height-default\" data-id=\"4c688c0\" data-element_type=\"section\" data-settings=\"{&quot;background_background&quot;:&quot;classic&quot;}\">\n\t\t\t\t\t\t<div class=\"elementor-container elementor-column-gap-default\">\n\t\t\t\t\t<div class=\"elementor-column elementor-col-25 elementor-top-column elementor-element elementor-element-07997b6\" data-id=\"07997b6\" data-element_type=\"column\">\n\t\t\t<div class=\"elementor-widget-wrap elementor-element-populated\">\n\t\t\t\t\t\t\t\t<div class=\"elementor-element elementor-element-ca1627a elementor-widget elementor-widget-spacer\" data-id=\"ca1627a\" data-element_type=\"widget\" data-widget_type=\"spacer.default\">\n\t\t\t\t<div class=\"elementor-widget-container\">\n\t\t\t\t\t<div class=\"elementor-spacer\">\n\t\t\t<div class=\"elementor-spacer-inner\"><\/div>\n\t\t<\/div>\n\t\t\t\t<\/div>\n\t\t\t\t<\/div>\n\t\t\t\t\t<\/div>\n\t\t<\/div>\n\t\t\t\t<div class=\"elementor-column elementor-col-25 elementor-top-column elementor-element elementor-element-9d73c30\" data-id=\"9d73c30\" data-element_type=\"column\">\n\t\t\t<div class=\"elementor-widget-wrap elementor-element-populated\">\n\t\t\t\t\t\t\t\t<div class=\"elementor-element elementor-element-22b42d5 elementor-widget elementor-widget-heading\" data-id=\"22b42d5\" data-element_type=\"widget\" data-widget_type=\"heading.default\">\n\t\t\t\t<div class=\"elementor-widget-container\">\n\t\t\t<style>\/*! elementor - v3.6.7 - 03-07-2022 *\/\n.elementor-heading-title{padding:0;margin:0;line-height:1}.elementor-widget-heading .elementor-heading-title[class*=elementor-size-]>a{color:inherit;font-size:inherit;line-height:inherit}.elementor-widget-heading .elementor-heading-title.elementor-size-small{font-size:15px}.elementor-widget-heading .elementor-heading-title.elementor-size-medium{font-size:19px}.elementor-widget-heading .elementor-heading-title.elementor-size-large{font-size:29px}.elementor-widget-heading .elementor-heading-title.elementor-size-xl{font-size:39px}.elementor-widget-heading .elementor-heading-title.elementor-size-xxl{font-size:59px}<\/style><h1 class=\"elementor-heading-title elementor-size-default\">Red de An\u00e1lisis Institucional<\/h1>\t\t<\/div>\n\t\t\t\t<\/div>\n\t\t\t\t\t<\/div>\n\t\t<\/div>\n\t\t\t\t<div class=\"elementor-column elementor-col-25 elementor-top-column elementor-element elementor-element-095db5f\" data-id=\"095db5f\" data-element_type=\"column\">\n\t\t\t<div class=\"elementor-widget-wrap elementor-element-populated\">\n\t\t\t\t\t\t\t\t<section class=\"elementor-section elementor-inner-section elementor-element elementor-element-4cf222b elementor-section-boxed elementor-section-height-default elementor-section-height-default\" data-id=\"4cf222b\" data-element_type=\"section\">\n\t\t\t\t\t\t<div class=\"elementor-container elementor-column-gap-no\">\n\t\t\t\t\t<div class=\"elementor-column elementor-col-100 elementor-inner-column elementor-element elementor-element-45ce815\" data-id=\"45ce815\" data-element_type=\"column\">\n\t\t\t<div class=\"elementor-widget-wrap elementor-element-populated\">\n\t\t\t\t\t\t\t\t<div class=\"elementor-element elementor-element-1b27a2c elementor-widget elementor-widget-text-editor\" data-id=\"1b27a2c\" data-element_type=\"widget\" data-widget_type=\"text-editor.default\">\n\t\t\t\t<div class=\"elementor-widget-container\">\n\t\t\t<style>\/*! elementor - v3.6.7 - 03-07-2022 *\/\n.elementor-widget-text-editor.elementor-drop-cap-view-stacked .elementor-drop-cap{background-color:#818a91;color:#fff}.elementor-widget-text-editor.elementor-drop-cap-view-framed .elementor-drop-cap{color:#818a91;border:3px solid;background-color:transparent}.elementor-widget-text-editor:not(.elementor-drop-cap-view-default) .elementor-drop-cap{margin-top:8px}.elementor-widget-text-editor:not(.elementor-drop-cap-view-default) .elementor-drop-cap-letter{width:1em;height:1em}.elementor-widget-text-editor .elementor-drop-cap{float:left;text-align:center;line-height:1;font-size:50px}.elementor-widget-text-editor .elementor-drop-cap-letter{display:inline-block}<\/style>\t\t\t\t<p>La Red de An\u00e1lisis Institucional se constituy\u00f3 el 9 de diciembre de 2021. La integran representantes de distintas unidades y macrounidades que trabajan con datos para nutrir la toma de decisiones y elaboraci\u00f3n de planes estrat\u00e9gicos, entre otras tareas.<\/p>\t\t\t\t\t\t<\/div>\n\t\t\t\t<\/div>\n\t\t\t\t<div class=\"elementor-element elementor-element-7f7db2f elementor-widget elementor-widget-text-editor\" data-id=\"7f7db2f\" data-element_type=\"widget\" data-widget_type=\"text-editor.default\">\n\t\t\t\t<div class=\"elementor-widget-container\">\n\t\t\t\t\t\t\t<p>La instancia, de participaci\u00f3n voluntaria y coordinada por la Direcci\u00f3n de Desarrollo Estrat\u00e9gico, apunta a crear un espacio de colaboraci\u00f3n y aprendizaje que contribuya al fortalecimiento del sistema de gesti\u00f3n y an\u00e1lisis de informaci\u00f3n institucional.<\/p><p>En ese marco, los principales objetivos de la Red de An\u00e1lisis Institucional son:<\/p><ul><li>Contribuir al logro de los objetivos del Sistema de Aseguramiento de la Calidad UACh, del Plan Estrat\u00e9gico Institucional y de los Planes Estrat\u00e9gicos de las Facultades y Sedes, mediante el apoyo en la gesti\u00f3n de los procesos de planificaci\u00f3n, an\u00e1lisis y autoevaluaci\u00f3n de las macrounidades.<\/li><\/ul><div>\u00a0<\/div><ul><li>Constituir un espacio de reflexi\u00f3n y colaboraci\u00f3n en materias de planificaci\u00f3n, an\u00e1lisis y aseguramiento de la calidad (comunidades de aprendizaje).<\/li><\/ul><div>\u00a0<\/div><ul><li>Compartir y generar nuevas pr\u00e1cticas en an\u00e1lisis institucional, planificaci\u00f3n y autoevaluaci\u00f3n, para el aseguramiento de la calidad.<\/li><\/ul><p>\u00a0<\/p><p>La Red sesiona una vez al mes, desarrollando un plan de trabajo anual construido por sus integrantes en base a 3 l\u00edneas de acci\u00f3n: acceso y gesti\u00f3n de la informaci\u00f3n,\u00a0 aprendizaje e intercambio de experiencias.<\/p>\t\t\t\t\t\t<\/div>\n\t\t\t\t<\/div>\n\t\t\t\t\t<\/div>\n\t\t<\/div>\n\t\t\t\t\t\t\t<\/div>\n\t\t<\/section>\n\t\t\t\t<div class=\"elementor-element elementor-element-000964b elementor-widget elementor-widget-spacer\" data-id=\"000964b\" data-element_type=\"widget\" data-widget_type=\"spacer.default\">\n\t\t\t\t<div class=\"elementor-widget-container\">\n\t\t\t\t\t<div class=\"elementor-spacer\">\n\t\t\t<div class=\"elementor-spacer-inner\"><\/div>\n\t\t<\/div>\n\t\t\t\t<\/div>\n\t\t\t\t<\/div>\n\t\t\t\t<div class=\"elementor-element elementor-element-034a318 elementor-widget elementor-widget-spacer\" data-id=\"034a318\" data-element_type=\"widget\" data-widget_type=\"spacer.default\">\n\t\t\t\t<div class=\"elementor-widget-container\">\n\t\t\t\t\t<div class=\"elementor-spacer\">\n\t\t\t<div class=\"elementor-spacer-inner\"><\/div>\n\t\t<\/div>\n\t\t\t\t<\/div>\n\t\t\t\t<\/div>\n\t\t\t\t<div class=\"elementor-element elementor-element-9e80b42 elementor-widget elementor-widget-spacer\" data-id=\"9e80b42\" data-element_type=\"widget\" data-widget_type=\"spacer.default\">\n\t\t\t\t<div class=\"elementor-widget-container\">\n\t\t\t\t\t<div class=\"elementor-spacer\">\n\t\t\t<div class=\"elementor-spacer-inner\"><\/div>\n\t\t<\/div>\n\t\t\t\t<\/div>\n\t\t\t\t<\/div>\n\t\t\t\t\t<\/div>\n\t\t<\/div>\n\t\t\t\t<div class=\"elementor-column elementor-col-25 elementor-top-column elementor-element elementor-element-d88f5ab\" data-id=\"d88f5ab\" data-element_type=\"column\">\n\t\t\t<div class=\"elementor-widget-wrap elementor-element-populated\">\n\t\t\t\t\t\t\t\t<div class=\"elementor-element elementor-element-51ffd04 elementor-widget elementor-widget-spacer\" data-id=\"51ffd04\" data-element_type=\"widget\" data-widget_type=\"spacer.default\">\n\t\t\t\t<div class=\"elementor-widget-container\">\n\t\t\t\t\t<div class=\"elementor-spacer\">\n\t\t\t<div class=\"elementor-spacer-inner\"><\/div>\n\t\t<\/div>\n\t\t\t\t<\/div>\n\t\t\t\t<\/div>\n\t\t\t\t\t<\/div>\n\t\t<\/div>\n\t\t\t\t\t\t\t<\/div>\n\t\t<\/section>\n\t\t\t\t\t\t\t<\/div>\n\t\t","protected":false},"excerpt":{"rendered":"<p>Red de An\u00e1lisis Institucional La Red de An\u00e1lisis Institucional se constituy\u00f3 el 9 de diciembre de 2021. La integran representantes de distintas unidades y macrounidades que trabajan con datos para nutrir la toma de decisiones y elaboraci\u00f3n de planes estrat\u00e9gicos, entre otras tareas. La instancia, de participaci\u00f3n voluntaria y coordinada por la Direcci\u00f3n de Desarrollo [&hellip;]<\/p>\n","protected":false},"author":2,"featured_media":0,"parent":0,"menu_order":0,"comment_status":"closed","ping_status":"closed","template":"","meta":{"footnotes":""},"class_list":["post-3074","page","type-page","status-publish","hentry"],"_links":{"self":[{"href":"https:\/\/saic.uach.cl\/index.php?rest_route=\/wp\/v2\/pages\/3074","targetHints":{"allow":["GET"]}}],"collection":[{"href":"https:\/\/saic.uach.cl\/index.php?rest_route=\/wp\/v2\/pages"}],"about":[{"href":"https:\/\/saic.uach.cl\/index.php?rest_route=\/wp\/v2\/types\/page"}],"author":[{"embeddable":true,"href":"https:\/\/saic.uach.cl\/index.php?rest_route=\/wp\/v2\/users\/2"}],"replies":[{"embeddable":true,"href":"https:\/\/saic.uach.cl\/index.php?rest_route=%2Fwp%2Fv2%2Fcomments&post=3074"}],"version-history":[{"count":53,"href":"https:\/\/saic.uach.cl\/index.php?rest_route=\/wp\/v2\/pages\/3074\/revisions"}],"predecessor-version":[{"id":6405,"href":"https:\/\/saic.uach.cl\/index.php?rest_route=\/wp\/v2\/pages\/3074\/revisions\/6405"}],"wp:attachment":[{"href":"https:\/\/saic.uach.cl\/index.php?rest_route=%2Fwp%2Fv2%2Fmedia&parent=3074"}],"curies":[{"name":"wp","href":"https:\/\/api.w.org\/{rel}","templated":true}]}}